{"id":2968,"date":"2017-04-10T14:53:32","date_gmt":"2017-04-10T12:53:32","guid":{"rendered":"http:\/\/jozwiak.eu\/interesujace-fakty\/"},"modified":"2022-11-08T12:09:43","modified_gmt":"2022-11-08T11:09:43","slug":"interessante-fakten","status":"publish","type":"page","link":"https:\/\/jozwiak.eu\/de\/interessante-fakten\/","title":{"rendered":"Interessante Fakten"},"content":{"rendered":"<p>Die Pr\u00e4sentation von Textilien mit den M\u00fcstern, Katalogen erfordert am h\u00e4ufigsten die Verwendung von Abstracts (Shortcuts) der verschiedenen Komponenten der Rohstoffzusammensetzung. Um das Lesen der Etiketten zu erleichtern, stellen wir unterhalb der entschl\u00fcsselten Rohstoffk\u00fcrzel von J\u00d3\u0179WIAK Stoffen vor.<\/p>\n<table width=\"254\">\n<tbody>\n<tr>\n<td width=\"98\">\n<h3><strong>Abrewiacja<\/strong><\/h3>\n<\/td>\n<td width=\"156\">\n<h3><strong>Surowiec<\/strong><\/h3>\n<\/td>\n<\/tr>\n<tr>\n<td>AS<\/td>\n<td>Antistatisch<\/td>\n<\/tr>\n<tr>\n<td>BB<\/td>\n<td>Bambus<\/td>\n<\/tr>\n<tr>\n<td>CLY<\/td>\n<td>Lyocell<\/td>\n<\/tr>\n<tr>\n<td>CMD<\/td>\n<td>Modal<\/td>\n<\/tr>\n<tr>\n<td>CO<\/td>\n<td>Baumwolle<\/td>\n<\/tr>\n<tr>\n<td>EL<\/td>\n<td>Elastan<\/td>\n<\/tr>\n<tr>\n<td>LI<\/td>\n<td>Leinen<\/td>\n<\/tr>\n<tr>\n<td>PA<\/td>\n<td>Nylon<\/td>\n<\/tr>\n<tr>\n<td>PES<\/td>\n<td>Polyester<\/td>\n<\/tr>\n<tr>\n<td>PTT<\/td>\n<td>Elastischer Polyester<\/td>\n<\/tr>\n<tr>\n<td>SE<\/td>\n<td>Seide<\/td>\n<\/tr>\n<tr>\n<td>VI<\/td>\n<td>Viskose<\/td>\n<\/tr>\n<tr>\n<td>WM<\/td>\n<td>Mohair<\/td>\n<\/tr>\n<tr>\n<td>WO<\/td>\n<td>Wolle<\/td>\n<\/tr>\n<tr>\n<td>WS<\/td>\n<td>Kaschmir<\/td>\n<\/tr>\n<\/tbody>\n<\/table>\n<p>Zum Besipiel:<br \/>\nWO\/VI\/PES\/EL =&nbsp;wolle\/viskose\/polyester\/elastan<\/p>\n","protected":false},"excerpt":{"rendered":"<p>Die Pr\u00e4sentation von Textilien mit den M\u00fcstern, Katalogen erfordert am h\u00e4ufigsten die Verwendung von Abstracts [&hellip;]<\/p>\n","protected":false},"author":1,"featured_media":16898,"parent":0,"menu_order":70,"comment_status":"closed","ping_status":"closed","template":"tpl\/page-default.php","meta":{"_acf_changed":false,"footnotes":""},"class_list":["post-2968","page","type-page","status-publish","has-post-thumbnail","hentry"],"acf":[],"_links":{"self":[{"href":"https:\/\/jozwiak.eu\/de\/wp-json\/wp\/v2\/pages\/2968","targetHints":{"allow":["GET"]}}],"collection":[{"href":"https:\/\/jozwiak.eu\/de\/wp-json\/wp\/v2\/pages"}],"about":[{"href":"https:\/\/jozwiak.eu\/de\/wp-json\/wp\/v2\/types\/page"}],"author":[{"embeddable":true,"href":"https:\/\/jozwiak.eu\/de\/wp-json\/wp\/v2\/users\/1"}],"replies":[{"embeddable":true,"href":"https:\/\/jozwiak.eu\/de\/wp-json\/wp\/v2\/comments?post=2968"}],"version-history":[{"count":6,"href":"https:\/\/jozwiak.eu\/de\/wp-json\/wp\/v2\/pages\/2968\/revisions"}],"predecessor-version":[{"id":38547,"href":"https:\/\/jozwiak.eu\/de\/wp-json\/wp\/v2\/pages\/2968\/revisions\/38547"}],"wp:featuredmedia":[{"embeddable":true,"href":"https:\/\/jozwiak.eu\/de\/wp-json\/wp\/v2\/media\/16898"}],"wp:attachment":[{"href":"https:\/\/jozwiak.eu\/de\/wp-json\/wp\/v2\/media?parent=2968"}],"curies":[{"name":"wp","href":"https:\/\/api.w.org\/{rel}","templated":true}]}}