{"id":2985,"date":"2017-05-02T11:17:10","date_gmt":"2017-05-02T09:17:10","guid":{"rendered":"http:\/\/jozwiak.eu\/kariera\/"},"modified":"2023-01-18T11:48:50","modified_gmt":"2023-01-18T10:48:50","slug":"karriere","status":"publish","type":"page","link":"https:\/\/jozwiak.eu\/de\/karriere\/","title":{"rendered":"Karriere"},"content":{"rendered":"<p>Aktuelle Stelleangebote bei J\u00d3\u0179WIAK Pozna\u0144:<\/p>\n","protected":false},"excerpt":{"rendered":"<p>Aktuelle Stelleangebote bei J\u00d3\u0179WIAK Pozna\u0144:<\/p>\n","protected":false},"author":1,"featured_media":0,"parent":0,"menu_order":11,"comment_status":"closed","ping_status":"closed","template":"tpl\/page-career.php","meta":{"_acf_changed":false,"footnotes":""},"class_list":["post-2985","page","type-page","status-publish","hentry"],"acf":[],"_links":{"self":[{"href":"https:\/\/jozwiak.eu\/de\/wp-json\/wp\/v2\/pages\/2985","targetHints":{"allow":["GET"]}}],"collection":[{"href":"https:\/\/jozwiak.eu\/de\/wp-json\/wp\/v2\/pages"}],"about":[{"href":"https:\/\/jozwiak.eu\/de\/wp-json\/wp\/v2\/types\/page"}],"author":[{"embeddable":true,"href":"https:\/\/jozwiak.eu\/de\/wp-json\/wp\/v2\/users\/1"}],"replies":[{"embeddable":true,"href":"https:\/\/jozwiak.eu\/de\/wp-json\/wp\/v2\/comments?post=2985"}],"version-history":[{"count":7,"href":"https:\/\/jozwiak.eu\/de\/wp-json\/wp\/v2\/pages\/2985\/revisions"}],"predecessor-version":[{"id":39280,"href":"https:\/\/jozwiak.eu\/de\/wp-json\/wp\/v2\/pages\/2985\/revisions\/39280"}],"wp:attachment":[{"href":"https:\/\/jozwiak.eu\/de\/wp-json\/wp\/v2\/media?parent=2985"}],"curies":[{"name":"wp","href":"https:\/\/api.w.org\/{rel}","templated":true}]}}