{"id":2984,"date":"2017-05-02T11:17:10","date_gmt":"2017-05-02T09:17:10","guid":{"rendered":"http:\/\/jozwiak.eu\/kariera\/"},"modified":"2023-01-13T14:33:57","modified_gmt":"2023-01-13T13:33:57","slug":"careers","status":"publish","type":"page","link":"https:\/\/jozwiak.eu\/en\/careers\/","title":{"rendered":"Careers"},"content":{"rendered":"<p>Current job openings at J\u00d3\u0179WIAK Pozna\u0144 :<\/p>\n<p>&nbsp;<\/p>\n","protected":false},"excerpt":{"rendered":"<p>Current job openings at J\u00d3\u0179WIAK Pozna\u0144 : &nbsp;<\/p>\n","protected":false},"author":1,"featured_media":0,"parent":0,"menu_order":11,"comment_status":"closed","ping_status":"closed","template":"tpl\/page-career.php","meta":{"_acf_changed":false,"footnotes":""},"class_list":["post-2984","page","type-page","status-publish","hentry"],"acf":[],"_links":{"self":[{"href":"https:\/\/jozwiak.eu\/en\/wp-json\/wp\/v2\/pages\/2984","targetHints":{"allow":["GET"]}}],"collection":[{"href":"https:\/\/jozwiak.eu\/en\/wp-json\/wp\/v2\/pages"}],"about":[{"href":"https:\/\/jozwiak.eu\/en\/wp-json\/wp\/v2\/types\/page"}],"author":[{"embeddable":true,"href":"https:\/\/jozwiak.eu\/en\/wp-json\/wp\/v2\/users\/1"}],"replies":[{"embeddable":true,"href":"https:\/\/jozwiak.eu\/en\/wp-json\/wp\/v2\/comments?post=2984"}],"version-history":[{"count":7,"href":"https:\/\/jozwiak.eu\/en\/wp-json\/wp\/v2\/pages\/2984\/revisions"}],"predecessor-version":[{"id":39240,"href":"https:\/\/jozwiak.eu\/en\/wp-json\/wp\/v2\/pages\/2984\/revisions\/39240"}],"wp:attachment":[{"href":"https:\/\/jozwiak.eu\/en\/wp-json\/wp\/v2\/media?parent=2984"}],"curies":[{"name":"wp","href":"https:\/\/api.w.org\/{rel}","templated":true}]}}