{"id":25031,"date":"2017-04-03T13:39:10","date_gmt":"2017-04-03T11:39:10","guid":{"rendered":"https:\/\/jozwiak.eu\/kolekcje\/"},"modified":"2023-01-18T10:52:08","modified_gmt":"2023-01-18T09:52:08","slug":"collection","status":"publish","type":"page","link":"https:\/\/jozwiak.eu\/fr\/collection\/","title":{"rendered":"Collection"},"content":{"rendered":"<p><span style=\"font-family: Lato,sans-serif;\"><span style=\"font-size: medium;\">Chez <span>J\u00d3\u0179WIAK Pozna\u0144 ,&nbsp;nous avons cr\u00e9es cinq collections avec attention et passion. Chacune comprend une s\u00e9lection de tissus sophistiqu\u00e9es class\u00e9 par style, composition, poids, utilit\u00e9, type et tenue vestimentaire. Chaque tissu poss<span class=\"st\">\u00e8<\/span>de ses propres atouts.\u00a0 Nous vous invitons <span class=\"st\">\u00e0<\/span> utiliser notre moteur de recherche et d\u00e9couvrir nos tissus.<\/span><\/span><\/span><\/p>\n<p style=\"text-align: center;\"><span style=\"font-family: Lato,sans-serif;\"><span style=\"font-size: medium;\">\u00a0<\/span><\/span><\/p>\n","protected":false},"excerpt":{"rendered":"<p>Chez J\u00d3\u0179WIAK Pozna\u0144 ,&nbsp;nous avons cr\u00e9es cinq collections avec attention et passion. Chacune comprend une [&hellip;]<\/p>\n","protected":false},"author":1,"featured_media":0,"parent":0,"menu_order":62,"comment_status":"closed","ping_status":"closed","template":"tpl\/page-collections.php","meta":{"_acf_changed":false,"footnotes":""},"class_list":["post-25031","page","type-page","status-publish","hentry"],"acf":[],"_links":{"self":[{"href":"https:\/\/jozwiak.eu\/fr\/wp-json\/wp\/v2\/pages\/25031","targetHints":{"allow":["GET"]}}],"collection":[{"href":"https:\/\/jozwiak.eu\/fr\/wp-json\/wp\/v2\/pages"}],"about":[{"href":"https:\/\/jozwiak.eu\/fr\/wp-json\/wp\/v2\/types\/page"}],"author":[{"embeddable":true,"href":"https:\/\/jozwiak.eu\/fr\/wp-json\/wp\/v2\/users\/1"}],"replies":[{"embeddable":true,"href":"https:\/\/jozwiak.eu\/fr\/wp-json\/wp\/v2\/comments?post=25031"}],"version-history":[{"count":6,"href":"https:\/\/jozwiak.eu\/fr\/wp-json\/wp\/v2\/pages\/25031\/revisions"}],"predecessor-version":[{"id":39276,"href":"https:\/\/jozwiak.eu\/fr\/wp-json\/wp\/v2\/pages\/25031\/revisions\/39276"}],"wp:attachment":[{"href":"https:\/\/jozwiak.eu\/fr\/wp-json\/wp\/v2\/media?parent=25031"}],"curies":[{"name":"wp","href":"https:\/\/api.w.org\/{rel}","templated":true}]}}