{"id":25040,"date":"2017-05-02T11:17:10","date_gmt":"2017-05-02T09:17:10","guid":{"rendered":"https:\/\/jozwiak.eu\/kariera\/"},"modified":"2023-01-18T10:26:37","modified_gmt":"2023-01-18T09:26:37","slug":"nous-rejoindre","status":"publish","type":"page","link":"https:\/\/jozwiak.eu\/fr\/nous-rejoindre\/","title":{"rendered":"Nous rejoindre"},"content":{"rendered":"<p><span>Offres d\u2019emploi chez J\u00d3\u0179WIAK Pozna\u0144<br \/>\n<\/span><\/p>\n","protected":false},"excerpt":{"rendered":"<p>Offres d\u2019emploi chez J\u00d3\u0179WIAK Pozna\u0144<\/p>\n","protected":false},"author":1,"featured_media":0,"parent":0,"menu_order":11,"comment_status":"closed","ping_status":"closed","template":"tpl\/page-career.php","meta":{"_acf_changed":false,"footnotes":""},"class_list":["post-25040","page","type-page","status-publish","hentry"],"acf":[],"_links":{"self":[{"href":"https:\/\/jozwiak.eu\/fr\/wp-json\/wp\/v2\/pages\/25040","targetHints":{"allow":["GET"]}}],"collection":[{"href":"https:\/\/jozwiak.eu\/fr\/wp-json\/wp\/v2\/pages"}],"about":[{"href":"https:\/\/jozwiak.eu\/fr\/wp-json\/wp\/v2\/types\/page"}],"author":[{"embeddable":true,"href":"https:\/\/jozwiak.eu\/fr\/wp-json\/wp\/v2\/users\/1"}],"replies":[{"embeddable":true,"href":"https:\/\/jozwiak.eu\/fr\/wp-json\/wp\/v2\/comments?post=25040"}],"version-history":[{"count":8,"href":"https:\/\/jozwiak.eu\/fr\/wp-json\/wp\/v2\/pages\/25040\/revisions"}],"predecessor-version":[{"id":39273,"href":"https:\/\/jozwiak.eu\/fr\/wp-json\/wp\/v2\/pages\/25040\/revisions\/39273"}],"wp:attachment":[{"href":"https:\/\/jozwiak.eu\/fr\/wp-json\/wp\/v2\/media?parent=25040"}],"curies":[{"name":"wp","href":"https:\/\/api.w.org\/{rel}","templated":true}]}}